{"id":264,"date":"2021-05-06T14:25:50","date_gmt":"2021-05-06T14:25:50","guid":{"rendered":"https:\/\/ca.lapanzanella1.wpengine.com\/pairings\/"},"modified":"2021-09-28T10:54:44","modified_gmt":"2021-09-28T17:54:44","slug":"pairings","status":"publish","type":"page","link":"https:\/\/ca.lapanzanella.com\/fr-ca\/pairings\/","title":{"rendered":"Jumelages"},"content":{"rendered":"<div class=\"row\">\n<div class=\"col-half\">L&#039;\u00e9pid\u00e9mie mondiale de coronavirus (COVID-19) a chang\u00e9 tous les aspects de notre travail et de notre vie personnelle. Nous avons tous \u00e9t\u00e9 touch\u00e9s par la pand\u00e9mie, ce qui nous oblige \u00e0 nous adapter \u00e0 notre nouvel environnement. En tant que fabricant de produits alimentaires et membre de la cha\u00eene d&#039;approvisionnement critique de l&#039;\u00e9picerie, il est de la responsabilit\u00e9 de La Panzanella de continuer \u00e0 fonctionner pour garantir aux Am\u00e9ricains un approvisionnement ininterrompu en nourriture. C&#039;est une responsabilit\u00e9 extr\u00eamement importante et que nous prenons tr\u00e8s au s\u00e9rieux.<\/div>\n<div class=\"col-half\">Cliquez ici pour en savoir plus sur ce que nous faisons pour continuer \u00e0 fournir des aliments de haute qualit\u00e9 produits dans un environnement s\u00fbr.<\/div>\n<div class=\"col-third\"><a class=\"btn btn-main\">Bouton principal<\/a><\/div>\n<div class=\"col-third\"><a class=\"btn btn-secondary\">Bouton<\/a><\/div>\n<div class=\"col-third\"><a class=\"btn btn-outline\">Bouton<\/a><\/div>\n<div class=\"col-full\">\n<form class=\"form-example\" action=\"\" method=\"get\" data-trp-original-action=\"\">\n<div class=\"form-example\"><label for=\"name\">Entrez votre nom: <\/label><br \/>\n<input id=\"name\" name=\"name\" required=\"\" type=\"text\" \/><\/div>\n<div class=\"form-example\"><label for=\"email\">Entrer votre Email: <\/label><br \/>\n<input id=\"email\" name=\"email\" required=\"\" type=\"email\" \/><\/div>\n<div class=\"form-example\"><input class=\"btn btn-main\" type=\"submit\" value=\"S&#039;abonner!\" \/><\/div>\n<input type=\"hidden\" name=\"trp-form-language\" value=\"fr-ca\"\/><\/form>\n<h1>Titre 1<\/h1>\n<h2>Titre 2<\/h2>\n<h3>Titre 3<\/h3>\n<h4>Titre 4<\/h4>\n<h5>Titre 5<\/h5>\n<\/div>\n<\/div>","protected":false},"excerpt":{"rendered":"<p>The global Coronavirus (COVID-19) outbreak has changed every aspect of our work and personal lives. We have all been affected by the pandemic, which requires us to adapt to our new environment. As a food manufacturer and part of the critical grocery supply chain, it is La Panzanella\u2019s responsibility to continue operating to ensure Americans [&hellip;]<\/p>\n","protected":false},"author":1,"featured_media":0,"parent":0,"menu_order":0,"comment_status":"closed","ping_status":"closed","template":"page-pairings.php","meta":{"_acf_changed":false,"footnotes":""},"class_list":["post-264","page","type-page","status-publish","hentry"],"acf":[],"yoast_head":"<!-- This site is optimized with the Yoast SEO plugin v27.2 - https:\/\/yoast.com\/product\/yoast-seo-wordpress\/ -->\n<title>Pairings - La Panzanella\u00ae Artisanal Foods Canada<\/title>\n<meta name=\"description\" content=\"View pairing ideas for La Panzanella products.\" \/>\n<meta name=\"robots\" content=\"index, follow, max-snippet:-1, max-image-preview:large, max-video-preview:-1\" \/>\n<link rel=\"canonical\" href=\"https:\/\/ca.lapanzanella.com\/fr-ca\/pairings\/\" \/>\n<meta property=\"og:locale\" content=\"fr_CA\" \/>\n<meta property=\"og:type\" content=\"article\" \/>\n<meta property=\"og:title\" content=\"Pairings - La Panzanella\u00ae Artisanal Foods Canada\" \/>\n<meta property=\"og:description\" content=\"View pairing ideas for La Panzanella products.\" \/>\n<meta property=\"og:url\" content=\"https:\/\/ca.lapanzanella.com\/fr-ca\/pairings\/\" \/>\n<meta property=\"og:site_name\" content=\"La Panzanella\u00ae Artisanal Foods Canada\" \/>\n<meta property=\"article:modified_time\" content=\"2021-09-28T17:54:44+00:00\" \/>\n<meta name=\"twitter:card\" content=\"summary_large_image\" \/>\n<meta name=\"twitter:label1\" content=\"Estimation du temps de lecture\" \/>\n\t<meta name=\"twitter:data1\" content=\"1 minute\" \/>\n<script type=\"application\/ld+json\" class=\"yoast-schema-graph\">{\"@context\":\"https:\/\/schema.org\",\"@graph\":[{\"@type\":\"WebPage\",\"@id\":\"https:\/\/ca.lapanzanella.com\/pairings\/\",\"url\":\"https:\/\/ca.lapanzanella.com\/pairings\/\",\"name\":\"Pairings - La Panzanella\u00ae Artisanal Foods Canada\",\"isPartOf\":{\"@id\":\"https:\/\/ca.lapanzanella.com\/#website\"},\"datePublished\":\"2021-05-06T14:25:50+00:00\",\"dateModified\":\"2021-09-28T17:54:44+00:00\",\"description\":\"View pairing ideas for La Panzanella products.\",\"breadcrumb\":{\"@id\":\"https:\/\/ca.lapanzanella.com\/pairings\/#breadcrumb\"},\"inLanguage\":\"fr-CA\",\"potentialAction\":[{\"@type\":\"ReadAction\",\"target\":[\"https:\/\/ca.lapanzanella.com\/pairings\/\"]}]},{\"@type\":\"BreadcrumbList\",\"@id\":\"https:\/\/ca.lapanzanella.com\/pairings\/#breadcrumb\",\"itemListElement\":[{\"@type\":\"ListItem\",\"position\":1,\"name\":\"Home\",\"item\":\"https:\/\/ca.lapanzanella.com\/\"},{\"@type\":\"ListItem\",\"position\":2,\"name\":\"Pairings\"}]},{\"@type\":\"WebSite\",\"@id\":\"https:\/\/ca.lapanzanella.com\/#website\",\"url\":\"https:\/\/ca.lapanzanella.com\/\",\"name\":\"La Panzanella\u00ae Artisanal Foods Canada\",\"description\":\"\",\"publisher\":{\"@id\":\"https:\/\/ca.lapanzanella.com\/#organization\"},\"potentialAction\":[{\"@type\":\"SearchAction\",\"target\":{\"@type\":\"EntryPoint\",\"urlTemplate\":\"https:\/\/ca.lapanzanella.com\/?s={search_term_string}\"},\"query-input\":{\"@type\":\"PropertyValueSpecification\",\"valueRequired\":true,\"valueName\":\"search_term_string\"}}],\"inLanguage\":\"fr-CA\"},{\"@type\":\"Organization\",\"@id\":\"https:\/\/ca.lapanzanella.com\/#organization\",\"name\":\"La Panzanella\u00ae Artisanal Foods Canada\",\"url\":\"https:\/\/ca.lapanzanella.com\/\",\"logo\":{\"@type\":\"ImageObject\",\"inLanguage\":\"fr-CA\",\"@id\":\"https:\/\/ca.lapanzanella.com\/#\/schema\/logo\/image\/\",\"url\":\"https:\/\/ca.lapanzanella.com\/wp-content\/uploads\/sites\/2\/2021\/06\/LaPanz_logo.svg\",\"contentUrl\":\"https:\/\/ca.lapanzanella.com\/wp-content\/uploads\/sites\/2\/2021\/06\/LaPanz_logo.svg\",\"width\":171,\"height\":95,\"caption\":\"La Panzanella\u00ae Artisanal Foods Canada\"},\"image\":{\"@id\":\"https:\/\/ca.lapanzanella.com\/#\/schema\/logo\/image\/\"}}]}<\/script>\n<!-- \/ Yoast SEO plugin. -->","yoast_head_json":{"title":"Accords - La Panzanella\u00ae Aliments Artisanaux Canada","description":"Voir des id\u00e9es d&#039;accords pour les produits La Panzanella.","robots":{"index":"index","follow":"follow","max-snippet":"max-snippet:-1","max-image-preview":"max-image-preview:large","max-video-preview":"max-video-preview:-1"},"canonical":"https:\/\/ca.lapanzanella.com\/fr-ca\/pairings\/","og_locale":"fr_CA","og_type":"article","og_title":"Pairings - La Panzanella\u00ae Artisanal Foods Canada","og_description":"View pairing ideas for La Panzanella products.","og_url":"https:\/\/ca.lapanzanella.com\/fr-ca\/pairings\/","og_site_name":"La Panzanella\u00ae Artisanal Foods Canada","article_modified_time":"2021-09-28T17:54:44+00:00","twitter_card":"summary_large_image","twitter_misc":{"Estimation du temps de lecture":"1 minute"},"schema":{"@context":"https:\/\/schema.org","@graph":[{"@type":"WebPage","@id":"https:\/\/ca.lapanzanella.com\/pairings\/","url":"https:\/\/ca.lapanzanella.com\/pairings\/","name":"Accords - La Panzanella\u00ae Aliments Artisanaux Canada","isPartOf":{"@id":"https:\/\/ca.lapanzanella.com\/#website"},"datePublished":"2021-05-06T14:25:50+00:00","dateModified":"2021-09-28T17:54:44+00:00","description":"Voir des id\u00e9es d&#039;accords pour les produits La Panzanella.","breadcrumb":{"@id":"https:\/\/ca.lapanzanella.com\/pairings\/#breadcrumb"},"inLanguage":"fr-CA","potentialAction":[{"@type":"ReadAction","target":["https:\/\/ca.lapanzanella.com\/pairings\/"]}]},{"@type":"BreadcrumbList","@id":"https:\/\/ca.lapanzanella.com\/pairings\/#breadcrumb","itemListElement":[{"@type":"ListItem","position":1,"name":"Home","item":"https:\/\/ca.lapanzanella.com\/"},{"@type":"ListItem","position":2,"name":"Pairings"}]},{"@type":"WebSite","@id":"https:\/\/ca.lapanzanella.com\/#website","url":"https:\/\/ca.lapanzanella.com\/","name":"La Panzanella\u00ae Aliments Artisanaux Canada","description":"","publisher":{"@id":"https:\/\/ca.lapanzanella.com\/#organization"},"potentialAction":[{"@type":"SearchAction","target":{"@type":"EntryPoint","urlTemplate":"https:\/\/ca.lapanzanella.com\/?s={search_term_string}"},"query-input":{"@type":"PropertyValueSpecification","valueRequired":true,"valueName":"search_term_string"}}],"inLanguage":"fr-CA"},{"@type":"Organization","@id":"https:\/\/ca.lapanzanella.com\/#organization","name":"La Panzanella\u00ae Aliments Artisanaux Canada","url":"https:\/\/ca.lapanzanella.com\/","logo":{"@type":"ImageObject","inLanguage":"fr-CA","@id":"https:\/\/ca.lapanzanella.com\/#\/schema\/logo\/image\/","url":"https:\/\/ca.lapanzanella.com\/wp-content\/uploads\/sites\/2\/2021\/06\/LaPanz_logo.svg","contentUrl":"https:\/\/ca.lapanzanella.com\/wp-content\/uploads\/sites\/2\/2021\/06\/LaPanz_logo.svg","width":171,"height":95,"caption":"La Panzanella\u00ae Artisanal Foods Canada"},"image":{"@id":"https:\/\/ca.lapanzanella.com\/#\/schema\/logo\/image\/"}}]}},"_links":{"self":[{"href":"https:\/\/ca.lapanzanella.com\/fr-ca\/wp-json\/wp\/v2\/pages\/264","targetHints":{"allow":["GET"]}}],"collection":[{"href":"https:\/\/ca.lapanzanella.com\/fr-ca\/wp-json\/wp\/v2\/pages"}],"about":[{"href":"https:\/\/ca.lapanzanella.com\/fr-ca\/wp-json\/wp\/v2\/types\/page"}],"author":[{"embeddable":true,"href":"https:\/\/ca.lapanzanella.com\/fr-ca\/wp-json\/wp\/v2\/users\/1"}],"replies":[{"embeddable":true,"href":"https:\/\/ca.lapanzanella.com\/fr-ca\/wp-json\/wp\/v2\/comments?post=264"}],"version-history":[{"count":0,"href":"https:\/\/ca.lapanzanella.com\/fr-ca\/wp-json\/wp\/v2\/pages\/264\/revisions"}],"wp:attachment":[{"href":"https:\/\/ca.lapanzanella.com\/fr-ca\/wp-json\/wp\/v2\/media?parent=264"}],"curies":[{"name":"wp","href":"https:\/\/api.w.org\/{rel}","templated":true}]}}